{"id":1400,"date":"2011-08-04T12:15:36","date_gmt":"2011-08-04T12:15:36","guid":{"rendered":"http:\/\/www.vennwood.co.uk\/?page_id=1400"},"modified":"2012-06-16T19:59:09","modified_gmt":"2012-06-16T19:59:09","slug":"avize","status":"publish","type":"page","link":"https:\/\/www.vennwood.co.uk\/?page_id=1400","title":{"rendered":"Avize"},"content":{"rendered":"<p><strong>GPS Position: North\u00a048.9716131177 \u00a0East \u00a004.0097737312<\/strong><\/p>\n<table width=\"100%\">\n<tbody>\n<tr>\n<td colspan=\"2\">Avize is a small town in the C\u00f4tes des Blancs Champagne area, 12 kms SSE of \u00c9pernay. On entering Avize on the D10 turn east on the D9 Remparts du Midi then the 1st left on rue L\u00e9on Bourgeois and 1st right on rue Ernest Vall\u00e9e and 3rd left on the rue du Bourg Joli. The aire is in the parking. The service point is by the roadside. Best avoided during the grape picking season as the pickers tend to park up for weeks on end and park very close together.<a href=\"http:\/\/www.vennwood.co.uk\/wp-content\/uploads\/2011\/08\/Avize.jpg\"><img loading=\"lazy\" decoding=\"async\" class=\" wp-image-1401 aligncenter\" title=\"Avize\" src=\"http:\/\/www.vennwood.co.uk\/wp-content\/uploads\/2011\/08\/Avize.jpg\" alt=\"\" width=\"720\" height=\"540\" srcset=\"https:\/\/www.vennwood.co.uk\/wp-content\/uploads\/2011\/08\/Avize.jpg 800w, https:\/\/www.vennwood.co.uk\/wp-content\/uploads\/2011\/08\/Avize-300x225.jpg 300w\" sizes=\"auto, (max-width: 720px) 100vw, 720px\" \/><\/a><\/td>\n<\/tr>\n<tr>\n<td align=\"left\" valign=\"top\" width=\"20%\"><span>Attractions Nearby:<\/span><\/p>\n<p>&nbsp;<\/p>\n<p>Cost per 24hrs:<\/p>\n<p>&nbsp;<\/td>\n<td colspan=\"2\">Champagne &#8211; some of the best comes from round here. \u00a0The village is typical of the area and &#8220;goes to sleep&#8221; early in the evenings.&nbsp;<\/p>\n<p>Free<\/td>\n<\/tr>\n<\/tbody>\n<\/table>\n","protected":false},"excerpt":{"rendered":"<p>GPS Position: North\u00a048.9716131177 \u00a0East \u00a004.0097737312 Avize is a small town in the C\u00f4tes des Blancs Champagne area, 12 kms SSE of \u00c9pernay. On entering Avize on the D10 turn east on the D9 Remparts du Midi then the 1st left &hellip; <a href=\"https:\/\/www.vennwood.co.uk\/?page_id=1400\">Continue reading <span class=\"meta-nav\">&rarr;<\/span><\/a><\/p>\n","protected":false},"author":2,"featured_media":0,"parent":259,"menu_order":0,"comment_status":"open","ping_status":"closed","template":"","meta":{"footnotes":""},"class_list":["post-1400","page","type-page","status-publish","hentry"],"_links":{"self":[{"href":"https:\/\/www.vennwood.co.uk\/index.php?rest_route=\/wp\/v2\/pages\/1400","targetHints":{"allow":["GET"]}}],"collection":[{"href":"https:\/\/www.vennwood.co.uk\/index.php?rest_route=\/wp\/v2\/pages"}],"about":[{"href":"https:\/\/www.vennwood.co.uk\/index.php?rest_route=\/wp\/v2\/types\/page"}],"author":[{"embeddable":true,"href":"https:\/\/www.vennwood.co.uk\/index.php?rest_route=\/wp\/v2\/users\/2"}],"replies":[{"embeddable":true,"href":"https:\/\/www.vennwood.co.uk\/index.php?rest_route=%2Fwp%2Fv2%2Fcomments&post=1400"}],"version-history":[{"count":7,"href":"https:\/\/www.vennwood.co.uk\/index.php?rest_route=\/wp\/v2\/pages\/1400\/revisions"}],"predecessor-version":[{"id":3414,"href":"https:\/\/www.vennwood.co.uk\/index.php?rest_route=\/wp\/v2\/pages\/1400\/revisions\/3414"}],"up":[{"embeddable":true,"href":"https:\/\/www.vennwood.co.uk\/index.php?rest_route=\/wp\/v2\/pages\/259"}],"wp:attachment":[{"href":"https:\/\/www.vennwood.co.uk\/index.php?rest_route=%2Fwp%2Fv2%2Fmedia&parent=1400"}],"curies":[{"name":"wp","href":"https:\/\/api.w.org\/{rel}","templated":true}]}}